{"id":12,"date":"2020-09-05T18:02:05","date_gmt":"2020-09-05T16:02:05","guid":{"rendered":"http:\/\/dtf-ge.de\/?page_id=12"},"modified":"2023-10-03T01:07:33","modified_gmt":"2023-10-02T23:07:33","slug":"vorstand","status":"publish","type":"page","link":"http:\/\/dtf-ge.de\/?page_id=12","title":{"rendered":"Vorstand"},"content":{"rendered":"\n<p>Der Vorstand koordiniert und leitet ehrenamtlich die Arbeit des Vereins. Der Vorstand wird j\u00e4hrlich neu gew\u00e4hlt.<\/p>\n\n\n\n<figure class=\"wp-block-table\"><table><tbody><tr><td>Deutscher Vorsitzender:<\/td><td>Dieter Grundmann<\/td><\/tr><tr><td>T\u00fcrkische Vorsitzende:<\/td><td>Oya Erken-Biesler<\/td><\/tr><tr><td>Kassierer:<\/td><td>Ingo Biesler<\/td><\/tr><tr><td>Beisitzer:<\/td><td><br><br><br>Temel Capk\u0131n,<br>Mehtap A\u011fr\u0131da\u011f,<br>Mustafa \u00c7etinkaya,<br>Nezahat K\u0131l\u0131nc,<br>Nurten \u00c7elik,<br>Elisabeth Adam,<br>Rainhold Adam,<br>Gudrun Musiol,<br>Nurettin Berber,<br>J\u00fcrgen Pauly,<br>Heidi M\u00fcller,<br>Mikael Zopi<\/td><\/tr><tr><td>Kassenpr\u00fcfer:<\/td><td>Hamiyet Karaoglu,<br>Gisela B\u00fcrstinghaus<\/td><\/tr><tr><td>Beratende G\u00e4ste:<\/td><td>Nesrin \u00dcnal<\/td><\/tr><\/tbody><\/table><\/figure>\n","protected":false},"excerpt":{"rendered":"<p>Der Vorstand koordiniert und leitet ehrenamtlich die Arbeit des Vereins. Der Vorstand wird j\u00e4hrlich neu gew\u00e4hlt. Deutscher Vorsitzender: Dieter Grundmann T\u00fcrkische Vorsitzende: Oya Erken-Biesler Kassierer: Ingo Biesler Beisitzer: Temel Capk\u0131n,Mehtap A\u011fr\u0131da\u011f,Mustafa \u00c7etinkaya,Nezahat K\u0131l\u0131nc,Nurten \u00c7elik,Elisabeth Adam,Rainhold Adam,Gudrun Musiol,Nurettin Berber,J\u00fcrgen Pauly,Heidi M\u00fcller,Mikael Zopi Kassenpr\u00fcfer: Hamiyet Karaoglu,Gisela B\u00fcrstinghaus Beratende G\u00e4ste: Nesrin \u00dcnal<\/p>\n","protected":false},"author":1,"featured_media":0,"parent":0,"menu_order":0,"comment_status":"closed","ping_status":"closed","template":"","meta":{"footnotes":""},"class_list":["post-12","page","type-page","status-publish","hentry"],"_links":{"self":[{"href":"http:\/\/dtf-ge.de\/index.php?rest_route=\/wp\/v2\/pages\/12","targetHints":{"allow":["GET"]}}],"collection":[{"href":"http:\/\/dtf-ge.de\/index.php?rest_route=\/wp\/v2\/pages"}],"about":[{"href":"http:\/\/dtf-ge.de\/index.php?rest_route=\/wp\/v2\/types\/page"}],"author":[{"embeddable":true,"href":"http:\/\/dtf-ge.de\/index.php?rest_route=\/wp\/v2\/users\/1"}],"replies":[{"embeddable":true,"href":"http:\/\/dtf-ge.de\/index.php?rest_route=%2Fwp%2Fv2%2Fcomments&post=12"}],"version-history":[{"count":8,"href":"http:\/\/dtf-ge.de\/index.php?rest_route=\/wp\/v2\/pages\/12\/revisions"}],"predecessor-version":[{"id":602,"href":"http:\/\/dtf-ge.de\/index.php?rest_route=\/wp\/v2\/pages\/12\/revisions\/602"}],"wp:attachment":[{"href":"http:\/\/dtf-ge.de\/index.php?rest_route=%2Fwp%2Fv2%2Fmedia&parent=12"}],"curies":[{"name":"wp","href":"https:\/\/api.w.org\/{rel}","templated":true}]}}