{"id":20,"date":"2020-09-05T18:09:09","date_gmt":"2020-09-05T16:09:09","guid":{"rendered":"http:\/\/dtf-ge.de\/?page_id=20"},"modified":"2020-11-16T15:23:16","modified_gmt":"2020-11-16T14:23:16","slug":"infos-fuer-gefluechtete","status":"publish","type":"page","link":"http:\/\/dtf-ge.de\/?page_id=20","title":{"rendered":"Infos f\u00fcr Gefl\u00fcchtete"},"content":{"rendered":"\n<figure class=\"wp-block-image size-large\"><img loading=\"lazy\" decoding=\"async\" width=\"42\" height=\"25\" src=\"http:\/\/dtf-ge.de\/wp-c53fe-content\/uploads\/2020\/09\/flagge-deutsch.png\" alt=\"\" class=\"wp-image-21\"\/><\/figure>\n\n\n\n<p><br>\n<strong>Fl\u00fcchtlingshilfe DTF<\/strong><\/p>\n\n\n\n<p>Der DTF will die Integrationsarbeit in Gelsenkirchen aktiv gestalten  und dabei denen, die neu hinzugekommen sind, das \u00f6ffentliche und  gesellschaftliche Leben n\u00e4herbringen. Dabei geht es h\u00e4ufig darum auf  gleicher Augenh\u00f6he zu kommunizieren.<\/p>\n\n\n\n<p>Wesentliche Voraussetzung f\u00fcr Integration ist dabei die Begegnung der\n unterschiedlichen Kulturen, Charaktere und Menschen, die sich mit \nToleranz, Akzeptanz und Neugier begegnen.<\/p>\n\n\n\n<p>Der DTF beteiligt sich an dem Landesprogramm \u201eKOMM-AN NRW&#8220;. Dabei  steht vor allem die St\u00e4rkung und Begleitung des ehrenamtlichen  Engagements in der Fl\u00fcchtlingshilfe.<\/p>\n\n\n\n<p>Mehr Infos zu KOMM-AN NRW?<br> <a rel=\"noreferrer noopener\" href=\"http:\/\/www.kfi.nrw.de\/Foerderprogramme\/KOMM-AN-NRW\/\" target=\"_blank\"> Klicken Sie hier <\/a><\/p>\n\n\n\n<p><strong>Neu in Deutschland<\/strong><br>&#8222;Neu in Deutschland\u201c (nid) ist eine deutschsprachige Zeitung \u00fcber Flucht und Ankommen mit Texten gefl\u00fcchteter Frauen und M\u00e4nner. Zugleich ist es eine Plattform f\u00fcr vielf\u00e4ltige pers\u00f6nliche Begegnungen: durch kreative \u00f6ffentliche Aktionen, Lesungen, Interviews und andere Dialog-Formate. <strong>Die Zeitung \u201enid\u201c \u2013 Neu in Deutschland. Zeitung \u00fcber Flucht, Liebe und das Leben <\/strong>erscheint seit Februar 2016 viertelj\u00e4hrlich im <em>Printformat <\/em>\u2013 und durchg\u00e4ngig <em>online<\/em>. hier gelangen Sie zu der Printausgabe:  <a rel=\"noreferrer noopener\" href=\"http:\/\/nid-zeitung.de\/printausgabe\" data-type=\"URL\" data-id=\"http:\/\/nid-zeitung.de\/printausgabe\" target=\"_blank\">http:\/\/nid-zeitung.de\/printausgabe<\/a><\/p>\n\n\n\n<p><strong>Informationen rund um das Thema Fl\u00fcchtlinge bei der Stadt Gelsenkirchen<\/strong><\/p>\n\n\n\n<p>Hilfe f\u00fcr Fl\u00fcchtlinge<br>\nSie m\u00f6chten sich in der Fl\u00fcchtlingsarbeit engagieren und helfen? Weitere\n Informationen zu Hilfe f\u00fcr Fl\u00fcchtlinge in Gelsenkirchen?<br>\n<a href=\"https:\/\/www.gelsenkirchen.de\/de\/Soziales\/Integration\/Fluechtlingen_helfen\/\" target=\"_blank\" rel=\"noreferrer noopener\"> Klicken Sie hier <\/a><\/p>\n\n\n\n<p><strong>Ausl\u00e4nder- und Fl\u00fcchtlingsb\u00fcro<\/strong><\/p>\n\n\n\n<p>Das Ausl\u00e4nder- und Fl\u00fcchtlingsb\u00fcro (AFB) der Diakonie ber\u00e4t \nFl\u00fcchtlinge und Migrant\/innen mit Wohnsitz in Gelsenkirchen. Die \nBeratung ist kostenlos, unabh\u00e4ngig, ergebnisoffen und unterliegt der \nSchweigepflicht. F\u00fcr Gespr\u00e4che mit Asylbewerbern und Geduldeten \nFl\u00fcchtlingen k\u00f6nnen aus einem Dolmetscherpool \u00dcbersetzter\/-innen \nvermittelt werden.<\/p>\n\n\n\n<p><strong>Fragen zur Bildung<\/strong><\/p>\n\n\n\n<p>Seiteneinsteigerberatung<br>\nIn Deutschland besteht eine Schulpflicht f\u00fcr Kinder und Jugendliche bis \nzum 18. Lebensjahr. Die Seiteneinsteigerberatung der Stadt Gelsenkirchen\n ist eine Anlaufstelle, die Informationen und Beratung f\u00fcr \nneuzugewanderte Kinder und Jugendliche bietet, die schulpflichtig sind. \nAu\u00dferdem unterst\u00fctzt sie bei der Anmeldung an der Schule. Zur \nAnlaufstelle f\u00fcr schulpflichtige Kinder und Jugendliche?<br>\n<a href=\"https:\/\/www.gelsenkirchen.de\/de\/Soziales\/Integration\/Projekte\/Seiteneinsteigerberatung.aspx\" target=\"_blank\" rel=\"noreferrer noopener\"> Klicken Sie hier <\/a><\/p>\n\n\n\n<p>Schulformen in NRW<br>\nDieser kurze und pr\u00e4gnante Film bez\u00fcglich des Schulsystems erkl\u00e4rt in \nca. 3 \u00bd Minuten welche weiterf\u00fchrenden Schulformen es in NRW gibt und \nwie diese sich voneinander unterscheiden. Der Film ist in den Sprachen \nDeutsch, Englisch, Arabisch, Bulgarisch, Persisch, Polnisch, Rum\u00e4nisch, \nSerbisch und T\u00fcrkisch verf\u00fcgbar. <a href=\"http:\/\/www.schulen-im-team.de\/film\" target=\"_blank\" rel=\"noreferrer noopener\"> Klicken Sie hier <\/a><\/p>\n\n\n\n<p><strong>Weitere Informationen erhalten Sie beim<\/strong><\/p>\n\n\n\n<p>Bundesamt f\u00fcr Migration und Fl\u00fcchtlinge<br>\nDas Bundesamt f\u00fcr Migration und Fl\u00fcchtlinge (BAMF) ist das Kompetenzzentrum f\u00fcr Asyl, Migration und Integration in Deutschland.<br>\n<a href=\"http:\/\/www.bamf.de\/DE\/Startseite\/startseite-node.html\" target=\"_blank\" rel=\"noreferrer noopener\"> Klicken Sie hier <\/a><\/p>\n\n\n\n<p>Pro Asyl<br>\nPRO ASYL ist die selbstbestimmte und unabh\u00e4ngige Stimme f\u00fcr die \nMenschenrechte und den Schutz von Fl\u00fcchtlingen in Deutschland und \nEuropa. Die Arbeit der Organisation wird durch Mitgliedsbeitr\u00e4ge, \nSpenden und Stiftungszuwendungen finanziert.<br>\n<a href=\"https:\/\/www.proasyl.de\/\" target=\"_blank\" rel=\"noreferrer noopener\"> Klicken Sie hier <\/a><\/p>\n\n\n\n<p>App ANKOMMEN<br>\nDie App Ankommen begleitet Fl\u00fcchtlinge, die nach Deutschland gekommen \nsind, in Ihren ersten Wochen. Sie k\u00f6nnen hier selbst Deutsch lernen. Sie\n erfahren viel \u00fcber Deutschland, welche Regeln gelten hier und worauf \nsollten Sie achten. Sie bekommen die wichtigsten Informationen \u00fcber das \nAsylverfahren, \u00fcber Wege in Ausbildung und Arbeit. In f\u00fcnf Sprachen, \nwerbefrei, kostenlos und offline nutzbar.<br>\n<a href=\"https:\/\/play.google.com\/store\/apps\/details?id=de.br.ankommen\" target=\"_blank\" rel=\"noreferrer noopener\"> Klicken Sie hier <\/a><\/p>\n\n\n\n<p>Der Fl\u00fcchtlingsrat Nordrhein-Westfalen e.V.<br>\nist ein gemeinn\u00fctziger Verein, der sich durch Mitgliedsbeitr\u00e4ge, Spenden\n und Projektf\u00f6rderungen finanziert. Hier erhalten Sie Informationen \u00fcber\n laufende Projekte sowie aktuelle inhaltliche Schwerpunkte und aktuelle \nNachrichten aus der Fl\u00fcchtlingspolitik.<br>\n<a href=\"http:\/\/www.frnrw.de\/\" target=\"_blank\" rel=\"noreferrer noopener\"> Klicken Sie hier <\/a><\/p>\n\n\n\n<p><strong>handbookgermany.de<\/strong><\/p>\n\n\n\n<figure class=\"wp-block-image size-large\"><img decoding=\"async\" src=\"http:\/\/dtf-ge.de\/wp-c53fe-content\/uploads\/2020\/09\/buch4-768x1024.jpg\" alt=\"Projekte\" class=\"wp-image-22\"\/><\/figure>\n\n\n\n<p>Gleich drei Mal wurde das digitale Handbuch f\u00fcr Deutschland \nhandbookgermany.de ausgezeichnet: Mit dem 1. Preis \u201eMedien und \nMigration\u201c beim Film Festival Cologne, dem Deutscher Digital Award 2018 \ndes Bundesverbands Digitale Wirtschaft, Kategorie Content Platforms\/ \nDigitale Magazine, und dem 1. Preis in der Kategorie Corporate \nResponsibility beim Deutschen Preis f\u00fcr Onlinekommunikation. Die \ndigitale Plattform bietet Informationen f\u00fcr Gefl\u00fcchtete und alle, die \nneu in Deutschland sind, in sieben Sprachen: Deutsch, Englisch, \nArabisch, Farsi und nun auch Paschtu (Afghanistan\/Pakistan), Franz\u00f6sisch\n (West- und Zentralafrika) und T\u00fcrkisch. Das Journalisten-Netzwerk \u201eNeue\n deutsche Medienmacher\u201c hat im Jahr 2017 eine mehrsprachige Redaktion \nvon gefl\u00fcchteten Journalisten aufgebaut, die daf\u00fcr sorgt, dass \nOrientierungssuchende mit verl\u00e4sslichen Infos zu Rechtsfragen, Bildung, \nArbeit, Wohnen und Leben in Deutschland erreicht werden. Die Beauftragte\n der Bundesregierung f\u00fcr Migration, Fl\u00fcchtlinge und Integration, \nStaatsministerin Annette Widmann-Mauz, unterst\u00fctzt und f\u00f6rdert das \ngemeinn\u00fctzige Projekt Handbook Germany: \u201eDas digitale Handbuch hilft bei\n der ersten Orientierung, es ist aber zugleich auch ein wichtiger \nBegleiter in der neuen Heimat Deutschland. Gut verst\u00e4ndliche \nInformationen sind ein Schl\u00fcssel zur Integration, um Bildungs- und \nSprachangebote zu nutzen, Wohnung und Arbeit zu finden. Ich freue mich, \ndass starke Medienpartner wie die Deutsche Welle, Beh\u00f6rden, Verb\u00e4nde und\n Initiativen das Projekt tatkr\u00e4ftig mit Inhalten unterst\u00fctzen.\u201c Deutsche\n Telekom AG und Adobe Systems unterst\u00fctzen handbookgermany.de<br>\n<a href=\"http:\/\/www.handbookgermany.de\/\" target=\"_blank\" rel=\"noreferrer noopener\"> Klicken Sie hier <\/a><\/p>\n","protected":false},"excerpt":{"rendered":"<p>Fl\u00fcchtlingshilfe DTF Der DTF will die Integrationsarbeit in Gelsenkirchen aktiv gestalten und dabei denen, die neu hinzugekommen sind, das \u00f6ffentliche und gesellschaftliche Leben n\u00e4herbringen. Dabei geht es h\u00e4ufig darum auf gleicher Augenh\u00f6he zu kommunizieren. Wesentliche Voraussetzung f\u00fcr Integration ist dabei die Begegnung der unterschiedlichen Kulturen, Charaktere und Menschen, die sich<\/p>\n","protected":false},"author":1,"featured_media":0,"parent":0,"menu_order":0,"comment_status":"closed","ping_status":"closed","template":"","meta":{"footnotes":""},"class_list":["post-20","page","type-page","status-publish","hentry"],"_links":{"self":[{"href":"http:\/\/dtf-ge.de\/index.php?rest_route=\/wp\/v2\/pages\/20","targetHints":{"allow":["GET"]}}],"collection":[{"href":"http:\/\/dtf-ge.de\/index.php?rest_route=\/wp\/v2\/pages"}],"about":[{"href":"http:\/\/dtf-ge.de\/index.php?rest_route=\/wp\/v2\/types\/page"}],"author":[{"embeddable":true,"href":"http:\/\/dtf-ge.de\/index.php?rest_route=\/wp\/v2\/users\/1"}],"replies":[{"embeddable":true,"href":"http:\/\/dtf-ge.de\/index.php?rest_route=%2Fwp%2Fv2%2Fcomments&post=20"}],"version-history":[{"count":4,"href":"http:\/\/dtf-ge.de\/index.php?rest_route=\/wp\/v2\/pages\/20\/revisions"}],"predecessor-version":[{"id":152,"href":"http:\/\/dtf-ge.de\/index.php?rest_route=\/wp\/v2\/pages\/20\/revisions\/152"}],"wp:attachment":[{"href":"http:\/\/dtf-ge.de\/index.php?rest_route=%2Fwp%2Fv2%2Fmedia&parent=20"}],"curies":[{"name":"wp","href":"https:\/\/api.w.org\/{rel}","templated":true}]}}