{"id":201,"date":"2021-07-21T14:33:37","date_gmt":"2021-07-21T12:33:37","guid":{"rendered":"http:\/\/dtf-ge.de\/?page_id=201"},"modified":"2025-07-29T16:51:29","modified_gmt":"2025-07-29T14:51:29","slug":"buecher","status":"publish","type":"page","link":"http:\/\/dtf-ge.de\/?page_id=201","title":{"rendered":"B\u00fccher"},"content":{"rendered":"\n<p><strong>\u201eIstanbul in Gelsenkirchen\u201c<\/strong><\/p>\n\n\n\n<p>Jeder der nach Gelsenkirchen kommt merkt die Andersartigkeit und die Buntheit dieser Stadt. Menschen aus ganzverschiedenen L\u00e4ndern, Kulturen, Sprachen und Lebenszusammenh\u00e4ngen sind mit der Stadt Gelsenkirchen verbunden und verwurzelt. Kennzeichnend ist das all diese Menschen friedlich miteinander und auch nebeneinander leben.  <br>Unser Vorstandvorsitzender Dieter Grundmann hat mit seinem Fotoband \u201eIstanbul in Gelsenkirchen\u201c ein mit wundersch\u00f6nen Bildern best\u00fcckte Buch zum Thema herausgebracht.  <br>In dem Buch sind nicht nur Bilder abgebildet, sondern auch die Lebens- und Erfolgsgeschichten von Menschen dargestellt. <\/p>\n\n\n\n<p>\u201eIstanbul in Gelsenkirchen\u201c ist im Eigenverlag erschienen und erh\u00e4ltlich bei Jo Lippek (Werbeagentur), Cranger Stra\u00dfe 228.<\/p>\n\n\n\n<figure class=\"wp-block-image size-full\"><a href=\"http:\/\/dtf-ge.de\/wp-c53fe-content\/uploads\/2021\/07\/Bild_Buchcover.png\"><img loading=\"lazy\" decoding=\"async\" width=\"668\" height=\"717\" src=\"http:\/\/dtf-ge.de\/wp-c53fe-content\/uploads\/2021\/07\/Bild_Buchcover.png\" alt=\"\" class=\"wp-image-202\" srcset=\"http:\/\/dtf-ge.de\/wp-c53fe-content\/uploads\/2021\/07\/Bild_Buchcover.png 668w, http:\/\/dtf-ge.de\/wp-c53fe-content\/uploads\/2021\/07\/Bild_Buchcover-279x300.png 279w\" sizes=\"auto, (max-width: 668px) 100vw, 668px\" \/><\/a><\/figure>\n\n\n\n<p>Bild: Dieter Grundmann (Buchcover)<\/p>\n\n\n\n<p><strong>Vergriffen<\/strong><\/p>\n\n\n\n<p><strong>&#8222;Das Brot meiner Kindheit&#8220;<\/strong><br>Ein t\u00fcrkisch-deutsches Geschichten und Kochbuch; Deutsch-T\u00fcrkischer Freundeskreis e.V. Gelsenkirchen; 1997<\/p>\n\n\n\n<p>Aktive Mitglieder haben gemeinsam Deutsch-t\u00fcrkische Geschichten und Rezepte ausgetauscht und Niedegeschrieben. Wenn man etwas genauer im Buch st\u00f6bert, erkennt man, das Kochen nicht nur Kochen, sondern auch Kommunikation ist.<\/p>\n\n\n\n<figure class=\"wp-block-image size-full\"><a href=\"http:\/\/dtf-ge.de\/wp-c53fe-content\/uploads\/2021\/07\/Bild_Buchcover-2.png\"><img loading=\"lazy\" decoding=\"async\" width=\"826\" height=\"650\" src=\"http:\/\/dtf-ge.de\/wp-c53fe-content\/uploads\/2021\/07\/Bild_Buchcover-2.png\" alt=\"\" class=\"wp-image-209\" srcset=\"http:\/\/dtf-ge.de\/wp-c53fe-content\/uploads\/2021\/07\/Bild_Buchcover-2.png 826w, http:\/\/dtf-ge.de\/wp-c53fe-content\/uploads\/2021\/07\/Bild_Buchcover-2-300x236.png 300w, http:\/\/dtf-ge.de\/wp-c53fe-content\/uploads\/2021\/07\/Bild_Buchcover-2-768x604.png 768w\" sizes=\"auto, (max-width: 826px) 100vw, 826px\" \/><\/a><figcaption class=\"wp-element-caption\">Buchcover<\/figcaption><\/figure>\n\n\n\n<p>Bestellen unter: info@dtf-ge.de Kosten: 5\u20ac<\/p>\n\n\n\n<p><strong>Ausstellungsbrosch\u00fcre  Aus der T\u00fcrkei nach Deutschland<\/strong><\/p>\n\n\n\n<p>Die ersten T\u00fcrkischen Gastarbeiter geh\u00f6rten zu den Privilegierten, denn nicht jeder t\u00fcrkische Arbeiter, der nach Deutschland wollte, durfte nach 1961 die Reise nach Deutschland antreten. Im Laufe der Zeit kamen immer mehr nach Deutschland und viele dieser Menschen haben hier ihre neue Heimat gefunden, leben mittlerweile in der dritten oder vierten Generation hier.<\/p>\n\n\n<div class=\"wp-block-image\">\n<figure class=\"alignright\"><a href=\"http:\/\/dtf-ge.de\/wp-c53fe-content\/uploads\/2025\/03\/Bild2.png\"><img loading=\"lazy\" decoding=\"async\" width=\"208\" height=\"300\" src=\"http:\/\/dtf-ge.de\/wp-c53fe-content\/uploads\/2025\/03\/Bild2-208x300.png\" alt=\"\" class=\"wp-image-790\" srcset=\"http:\/\/dtf-ge.de\/wp-c53fe-content\/uploads\/2025\/03\/Bild2-208x300.png 208w, http:\/\/dtf-ge.de\/wp-c53fe-content\/uploads\/2025\/03\/Bild2-709x1024.png 709w, http:\/\/dtf-ge.de\/wp-c53fe-content\/uploads\/2025\/03\/Bild2-768x1109.png 768w, http:\/\/dtf-ge.de\/wp-c53fe-content\/uploads\/2025\/03\/Bild2-1063x1536.png 1063w, http:\/\/dtf-ge.de\/wp-c53fe-content\/uploads\/2025\/03\/Bild2.png 1125w\" sizes=\"auto, (max-width: 208px) 100vw, 208px\" \/><\/a><\/figure>\n<\/div>\n\n\n<p>Wie kaum ein anderes Medium erlaubt Kunst Geschichten aus unterschiedlichen Perspektiven darzustellen. Die Sicherung des kulturellen Erbes der Migration, wie auch die Bef\u00f6rderung der Teilhabe von Zugewanderten an der gemeinsamen Kultur, sind wichtige Anliegen des Deutsch-T\u00fcrkischen Freundeskreises e.V.<\/p>\n\n\n\n<p>Die K\u00fcnstlerin Cornelia Cintosun gleichzeitig Mitglied des Deutsch-t\u00fcrkischen Freundeskreises hat mit Ihren Bildern den Werdegang der T\u00fcrkischen Gasarbeiter nach gezeichnet. <\/p>\n\n\n\n<p>Bestellen unter: info@dtf-ge.de Kosten: 12\u20ac<\/p>\n\n\n\n<p><\/p>\n\n\n\n<p><\/p>\n\n\n\n<p><\/p>\n","protected":false},"excerpt":{"rendered":"<p>\u201eIstanbul in Gelsenkirchen\u201c Jeder der nach Gelsenkirchen kommt merkt die Andersartigkeit und die Buntheit dieser Stadt. Menschen aus ganzverschiedenen L\u00e4ndern, Kulturen, Sprachen und Lebenszusammenh\u00e4ngen sind mit der Stadt Gelsenkirchen verbunden und verwurzelt. Kennzeichnend ist das all diese Menschen friedlich miteinander und auch nebeneinander leben. Unser Vorstandvorsitzender Dieter Grundmann hat mit<\/p>\n","protected":false},"author":1,"featured_media":0,"parent":14,"menu_order":0,"comment_status":"closed","ping_status":"closed","template":"","meta":{"footnotes":""},"class_list":["post-201","page","type-page","status-publish","hentry"],"_links":{"self":[{"href":"http:\/\/dtf-ge.de\/index.php?rest_route=\/wp\/v2\/pages\/201","targetHints":{"allow":["GET"]}}],"collection":[{"href":"http:\/\/dtf-ge.de\/index.php?rest_route=\/wp\/v2\/pages"}],"about":[{"href":"http:\/\/dtf-ge.de\/index.php?rest_route=\/wp\/v2\/types\/page"}],"author":[{"embeddable":true,"href":"http:\/\/dtf-ge.de\/index.php?rest_route=\/wp\/v2\/users\/1"}],"replies":[{"embeddable":true,"href":"http:\/\/dtf-ge.de\/index.php?rest_route=%2Fwp%2Fv2%2Fcomments&post=201"}],"version-history":[{"count":5,"href":"http:\/\/dtf-ge.de\/index.php?rest_route=\/wp\/v2\/pages\/201\/revisions"}],"predecessor-version":[{"id":866,"href":"http:\/\/dtf-ge.de\/index.php?rest_route=\/wp\/v2\/pages\/201\/revisions\/866"}],"up":[{"embeddable":true,"href":"http:\/\/dtf-ge.de\/index.php?rest_route=\/wp\/v2\/pages\/14"}],"wp:attachment":[{"href":"http:\/\/dtf-ge.de\/index.php?rest_route=%2Fwp%2Fv2%2Fmedia&parent=201"}],"curies":[{"name":"wp","href":"https:\/\/api.w.org\/{rel}","templated":true}]}}