{"id":136,"date":"2020-11-10T10:42:32","date_gmt":"2020-11-10T08:42:32","guid":{"rendered":"http:\/\/dtf-ge.de\/?page_id=136"},"modified":"2021-07-21T14:40:24","modified_gmt":"2021-07-21T12:40:24","slug":"mitglied-werden","status":"publish","type":"page","link":"https:\/\/dtf-ge.de\/?page_id=136","title":{"rendered":"Mitglied werden"},"content":{"rendered":"\n<p>Sie haben sich informiert und interessieren sich f\u00fcr eine Mitgliedschaft im Deutsch-T\u00fcrkischen Freundeskreis Gelsenkirchen e.V.<\/p>\n\n\n\n<p>Sie m\u00f6chten das Zusammenleben der Menschen in Gelsenkirchen unterst\u00fctzen und ehrenamtlich mitwirken, dann sind beim DTF genau richtig.<\/p>\n\n\n\n<p>Jetzt mitmachen und Mitglied werden! Menschen helfen, Gesellschaft gestalten<\/p>\n\n\n\n<p>Wichtige Hinweise vor dem Ausf\u00fcllen des Formulars:<\/p>\n\n\n\n<p><a href=\"http:\/\/dtf-ge.de\/wp-c53fe-content\/uploads\/2020\/11\/Beitrittserklaerung_1_ausfuellen.pdf\" data-type=\"URL\" data-id=\"http:\/\/dtf-ge.de\/wp-c53fe-content\/uploads\/2020\/11\/Beitrittserklaerung_1_ausfuellen.pdf\">Formular Mitgliedschaft<\/a><\/p>\n\n\n\n<p>Bitte drucken Sie das Formular aus und schicken es an: <br>Deutsch-T\u00fcrkischen Freundeskreis Gelsenkirchen e.V. <br>Br\u00f6\u00dfweg 16<br>45897 Gelsenkirchen <\/p>\n","protected":false},"excerpt":{"rendered":"<p>Sie haben sich informiert und interessieren sich f\u00fcr eine Mitgliedschaft im Deutsch-T\u00fcrkischen Freundeskreis Gelsenkirchen e.V. Sie m\u00f6chten das Zusammenleben der Menschen in Gelsenkirchen unterst\u00fctzen und ehrenamtlich mitwirken, dann sind beim DTF genau richtig. Jetzt mitmachen und Mitglied werden! Menschen helfen, Gesellschaft gestalten Wichtige Hinweise vor dem Ausf\u00fcllen des Formulars: Formular<\/p>\n","protected":false},"author":1,"featured_media":0,"parent":37,"menu_order":0,"comment_status":"closed","ping_status":"closed","template":"","meta":{"footnotes":""},"class_list":["post-136","page","type-page","status-publish","hentry"],"_links":{"self":[{"href":"https:\/\/dtf-ge.de\/index.php?rest_route=\/wp\/v2\/pages\/136","targetHints":{"allow":["GET"]}}],"collection":[{"href":"https:\/\/dtf-ge.de\/index.php?rest_route=\/wp\/v2\/pages"}],"about":[{"href":"https:\/\/dtf-ge.de\/index.php?rest_route=\/wp\/v2\/types\/page"}],"author":[{"embeddable":true,"href":"https:\/\/dtf-ge.de\/index.php?rest_route=\/wp\/v2\/users\/1"}],"replies":[{"embeddable":true,"href":"https:\/\/dtf-ge.de\/index.php?rest_route=%2Fwp%2Fv2%2Fcomments&post=136"}],"version-history":[{"count":2,"href":"https:\/\/dtf-ge.de\/index.php?rest_route=\/wp\/v2\/pages\/136\/revisions"}],"predecessor-version":[{"id":139,"href":"https:\/\/dtf-ge.de\/index.php?rest_route=\/wp\/v2\/pages\/136\/revisions\/139"}],"up":[{"embeddable":true,"href":"https:\/\/dtf-ge.de\/index.php?rest_route=\/wp\/v2\/pages\/37"}],"wp:attachment":[{"href":"https:\/\/dtf-ge.de\/index.php?rest_route=%2Fwp%2Fv2%2Fmedia&parent=136"}],"curies":[{"name":"wp","href":"https:\/\/api.w.org\/{rel}","templated":true}]}}