{"id":14,"date":"2020-09-05T18:04:36","date_gmt":"2020-09-05T16:04:36","guid":{"rendered":"http:\/\/dtf-ge.de\/?page_id=14"},"modified":"2020-12-09T11:30:58","modified_gmt":"2020-12-09T10:30:58","slug":"projekte","status":"publish","type":"page","link":"https:\/\/dtf-ge.de\/?page_id=14","title":{"rendered":"Projekte"},"content":{"rendered":"\n<figure class=\"wp-block-image size-large\"><img loading=\"lazy\" decoding=\"async\" width=\"124\" height=\"119\" src=\"http:\/\/dtf-ge.de\/wp-c53fe-content\/uploads\/2020\/09\/komman.jpg\" alt=\"Projekte\" class=\"wp-image-15\"\/><\/figure>\n\n\n\n<p><strong>KOMM-AN NRW<\/strong> ist Programm des Landes \nNordrhein-Westfalen zur F\u00f6rderung der Integration von Fl\u00fcchtlingen in \nden Kommunen und zur Unterst\u00fctzung des b\u00fcrgerschaftlichen Engagements in\n der Fl\u00fcchtlingshilfe.<\/p>\n\n\n\n<figure class=\"wp-block-image size-large\"><img loading=\"lazy\" decoding=\"async\" width=\"124\" height=\"119\" src=\"http:\/\/dtf-ge.de\/wp-c53fe-content\/uploads\/2020\/09\/gaudium.jpg\" alt=\"Projekte\" class=\"wp-image-16\"\/><\/figure>\n\n\n\n<p><strong>Gaudium in und um Schloss Horst in Gelsenkirchen <\/strong>ist  ein historisches Festival, das den Bogen vom Mittelalter zur  Renaissance schl\u00e4gt. Der DTF und INIMB e.V. gestalten hier das  historische osmanische Leben im Mittelalter.<\/p>\n\n\n\n<p><strong>Funkelfete<\/strong><\/p>\n\n\n\n<p>Der multikulturelle Martinsumzug wurde in der Zusammenarbeit vom Paul-Loebe-Haus und des Deutsch-T\u00fcrkischen Freundeskreises vor mehr als 20 Jahren initiiert. Mit der Idee Funkel-Fete wollten wir uns von den \u00fcbrigen Umz\u00fcgen zu St. Martin abheben und den Martinsumzug interkulturelle \u00f6ffnen.<\/p>\n\n\n\n<p>Die Vorbereitungen f\u00fcr die Funkelfete fangen in der Regel bereits Anfang des Jahres an und laufen bis in den November. Die Funkelfete findet in der Regel in der ersten oder zweiten Novemberwoche statt. Auf dieses Ereignis freuen sich die Kinder der beteiligten Organisationen. Im Laufe der Zeit haben sich fast alle umliegenden Kitas angeschlossen. Mittlerweile geh\u00f6ren zu den Organisatoren folgende Einrichtungen: die Falken, der Deutsch-T\u00fcrkische Freundeskreis, die Kindertagesst\u00e4tten Br\u00f6\u00dfweg, Eschweilerstra\u00dfe und Hugostra\u00dfe, der F\u00f6rderverein Sch\u00fcngelberg, das Paul-Loebe-Haus.<\/p>\n\n\n\n<p>Der Umzug ist nicht nur eines der gr\u00f6\u00dfte in der Stadt. Der multikulturelle Martinsumzug startet auf dem Vorplatz der Kita Eschweilerstra\u00dfe und endet auf dem Schulhof der Kita Br\u00f6\u00dfweg. Besonders ist auch, dass die Kinder und ihre Eltern zum Schluss am Br\u00f6\u00dfweg zusammen kommen und gemeinsam singen. Hier gibt es auch ein gro\u00dfes Feuer und St\u00e4nde nicht nur mit Brezel, sondern auch kulinarisches aus aller Welt.<\/p>\n","protected":false},"excerpt":{"rendered":"<p>KOMM-AN NRW ist Programm des Landes Nordrhein-Westfalen zur F\u00f6rderung der Integration von Fl\u00fcchtlingen in den Kommunen und zur Unterst\u00fctzung des b\u00fcrgerschaftlichen Engagements in der Fl\u00fcchtlingshilfe. Gaudium in und um Schloss Horst in Gelsenkirchen ist ein historisches Festival, das den Bogen vom Mittelalter zur Renaissance schl\u00e4gt. Der DTF und INIMB e.V.<\/p>\n","protected":false},"author":1,"featured_media":0,"parent":0,"menu_order":0,"comment_status":"closed","ping_status":"closed","template":"","meta":{"footnotes":""},"class_list":["post-14","page","type-page","status-publish","hentry"],"_links":{"self":[{"href":"https:\/\/dtf-ge.de\/index.php?rest_route=\/wp\/v2\/pages\/14","targetHints":{"allow":["GET"]}}],"collection":[{"href":"https:\/\/dtf-ge.de\/index.php?rest_route=\/wp\/v2\/pages"}],"about":[{"href":"https:\/\/dtf-ge.de\/index.php?rest_route=\/wp\/v2\/types\/page"}],"author":[{"embeddable":true,"href":"https:\/\/dtf-ge.de\/index.php?rest_route=\/wp\/v2\/users\/1"}],"replies":[{"embeddable":true,"href":"https:\/\/dtf-ge.de\/index.php?rest_route=%2Fwp%2Fv2%2Fcomments&post=14"}],"version-history":[{"count":3,"href":"https:\/\/dtf-ge.de\/index.php?rest_route=\/wp\/v2\/pages\/14\/revisions"}],"predecessor-version":[{"id":160,"href":"https:\/\/dtf-ge.de\/index.php?rest_route=\/wp\/v2\/pages\/14\/revisions\/160"}],"wp:attachment":[{"href":"https:\/\/dtf-ge.de\/index.php?rest_route=%2Fwp%2Fv2%2Fmedia&parent=14"}],"curies":[{"name":"wp","href":"https:\/\/api.w.org\/{rel}","templated":true}]}}