{"id":40,"date":"2020-09-05T18:25:23","date_gmt":"2020-09-05T16:25:23","guid":{"rendered":"http:\/\/dtf-ge.de\/?page_id=40"},"modified":"2020-09-05T18:25:23","modified_gmt":"2020-09-05T16:25:23","slug":"sponsoren","status":"publish","type":"page","link":"https:\/\/dtf-ge.de\/?page_id=40","title":{"rendered":"Sponsoren"},"content":{"rendered":"\n<figure class=\"wp-block-image size-large\"><img loading=\"lazy\" decoding=\"async\" width=\"42\" height=\"25\" src=\"http:\/\/dtf-ge.de\/wp-c53fe-content\/uploads\/2020\/09\/flagge-deutsch.png\" alt=\"\" class=\"wp-image-21\"\/><\/figure>\n\n\n\n<figure class=\"wp-block-image size-large\"><img loading=\"lazy\" decoding=\"async\" width=\"237\" height=\"61\" src=\"http:\/\/dtf-ge.de\/wp-c53fe-content\/uploads\/2020\/09\/stadt.jpg\" alt=\"\" class=\"wp-image-27\"\/><\/figure>\n\n\n\n<p>Seit Gr\u00fcndung wird der DTF tatkr\u00e4ftig von der <strong>Stadt Gelsenkirchen<\/strong> finanzielle und ideell unterst\u00fctzt.<\/p>\n\n\n\n<figure class=\"wp-block-image size-large\"><img loading=\"lazy\" decoding=\"async\" width=\"237\" height=\"82\" src=\"http:\/\/dtf-ge.de\/wp-c53fe-content\/uploads\/2020\/09\/sparkasse.png\" alt=\"Sponsor\" class=\"wp-image-41\"\/><\/figure>\n\n\n\n<p>Ohne die gro\u00dfz\u00fcgigen Spenden der <strong>Sparkasse<\/strong> k\u00f6nnten wir manche Projekte nicht in der gewohnten Form umsetzen.<\/p>\n\n\n\n<figure class=\"wp-block-image size-large\"><img loading=\"lazy\" decoding=\"async\" width=\"237\" height=\"77\" src=\"http:\/\/dtf-ge.de\/wp-c53fe-content\/uploads\/2020\/09\/hhk.png\" alt=\"Sponsor\" class=\"wp-image-42\"\/><\/figure>\n\n\n\n<p>Wenn wir gar nicht mehr weiter wissen, unterst\u00fctzt uns die <strong>H\u00e4usliche Humane Krankenpflege<\/strong>.<\/p>\n","protected":false},"excerpt":{"rendered":"<p>Seit Gr\u00fcndung wird der DTF tatkr\u00e4ftig von der Stadt Gelsenkirchen finanzielle und ideell unterst\u00fctzt. Ohne die gro\u00dfz\u00fcgigen Spenden der Sparkasse k\u00f6nnten wir manche Projekte nicht in der gewohnten Form umsetzen. Wenn wir gar nicht mehr weiter wissen, unterst\u00fctzt uns die H\u00e4usliche Humane Krankenpflege.<\/p>\n","protected":false},"author":1,"featured_media":0,"parent":0,"menu_order":0,"comment_status":"closed","ping_status":"closed","template":"","meta":{"footnotes":""},"class_list":["post-40","page","type-page","status-publish","hentry"],"_links":{"self":[{"href":"https:\/\/dtf-ge.de\/index.php?rest_route=\/wp\/v2\/pages\/40","targetHints":{"allow":["GET"]}}],"collection":[{"href":"https:\/\/dtf-ge.de\/index.php?rest_route=\/wp\/v2\/pages"}],"about":[{"href":"https:\/\/dtf-ge.de\/index.php?rest_route=\/wp\/v2\/types\/page"}],"author":[{"embeddable":true,"href":"https:\/\/dtf-ge.de\/index.php?rest_route=\/wp\/v2\/users\/1"}],"replies":[{"embeddable":true,"href":"https:\/\/dtf-ge.de\/index.php?rest_route=%2Fwp%2Fv2%2Fcomments&post=40"}],"version-history":[{"count":1,"href":"https:\/\/dtf-ge.de\/index.php?rest_route=\/wp\/v2\/pages\/40\/revisions"}],"predecessor-version":[{"id":43,"href":"https:\/\/dtf-ge.de\/index.php?rest_route=\/wp\/v2\/pages\/40\/revisions\/43"}],"wp:attachment":[{"href":"https:\/\/dtf-ge.de\/index.php?rest_route=%2Fwp%2Fv2%2Fmedia&parent=40"}],"curies":[{"name":"wp","href":"https:\/\/api.w.org\/{rel}","templated":true}]}}