{"id":522,"date":"2023-06-20T10:17:46","date_gmt":"2023-06-20T08:17:46","guid":{"rendered":"https:\/\/dtf-ge.de\/?page_id=522"},"modified":"2023-06-20T11:29:17","modified_gmt":"2023-06-20T09:29:17","slug":"einverstaendniserklaerung-wahl-auch-in-abwesenheit","status":"publish","type":"page","link":"https:\/\/dtf-ge.de\/?page_id=522","title":{"rendered":"Einverst\u00e4ndniserkl\u00e4rung: Wahl auch in Abwesenheit"},"content":{"rendered":"\n<p>Sollten sie nicht an der Mitgliederversammlung teilnehmen k\u00f6nnen und m\u00f6chten trotzdem f\u00fcr den Vorstand kandidieren so k\u00f6nnen Sie folgendes Formular ausf\u00fcllen und an den DTF schicken. <br><a rel=\"noreferrer noopener\" href=\"http:\/\/dtf-ge.de\/wp-c53fe-content\/uploads\/2023\/06\/EinverstaendniserklaerungWahlinAbwesenheit.pdf\" target=\"_blank\">https:\/\/dtf-ge.de\/wp-c53fe-content\/uploads\/2023\/06\/EinverstaendniserklaerungWahlinAbwesenheit.pdf<\/a><\/p>\n\n\n\n<p><br><br><\/p>\n","protected":false},"excerpt":{"rendered":"<p>Sollten sie nicht an der Mitgliederversammlung teilnehmen k\u00f6nnen und m\u00f6chten trotzdem f\u00fcr den Vorstand kandidieren so k\u00f6nnen Sie folgendes Formular ausf\u00fcllen und an den DTF schicken. https:\/\/dtf-ge.de\/wp-c53fe-content\/uploads\/2023\/06\/EinverstaendniserklaerungWahlinAbwesenheit.pdf<\/p>\n","protected":false},"author":1,"featured_media":0,"parent":8,"menu_order":0,"comment_status":"closed","ping_status":"closed","template":"","meta":{"footnotes":""},"class_list":["post-522","page","type-page","status-publish","hentry"],"_links":{"self":[{"href":"https:\/\/dtf-ge.de\/index.php?rest_route=\/wp\/v2\/pages\/522","targetHints":{"allow":["GET"]}}],"collection":[{"href":"https:\/\/dtf-ge.de\/index.php?rest_route=\/wp\/v2\/pages"}],"about":[{"href":"https:\/\/dtf-ge.de\/index.php?rest_route=\/wp\/v2\/types\/page"}],"author":[{"embeddable":true,"href":"https:\/\/dtf-ge.de\/index.php?rest_route=\/wp\/v2\/users\/1"}],"replies":[{"embeddable":true,"href":"https:\/\/dtf-ge.de\/index.php?rest_route=%2Fwp%2Fv2%2Fcomments&post=522"}],"version-history":[{"count":5,"href":"https:\/\/dtf-ge.de\/index.php?rest_route=\/wp\/v2\/pages\/522\/revisions"}],"predecessor-version":[{"id":545,"href":"https:\/\/dtf-ge.de\/index.php?rest_route=\/wp\/v2\/pages\/522\/revisions\/545"}],"up":[{"embeddable":true,"href":"https:\/\/dtf-ge.de\/index.php?rest_route=\/wp\/v2\/pages\/8"}],"wp:attachment":[{"href":"https:\/\/dtf-ge.de\/index.php?rest_route=%2Fwp%2Fv2%2Fmedia&parent=522"}],"curies":[{"name":"wp","href":"https:\/\/api.w.org\/{rel}","templated":true}]}}