{"id":59,"date":"2020-09-05T18:54:16","date_gmt":"2020-09-05T16:54:16","guid":{"rendered":"http:\/\/dtf-ge.de\/?page_id=59"},"modified":"2023-09-26T23:45:53","modified_gmt":"2023-09-26T21:45:53","slug":"impressum-datenschutz","status":"publish","type":"page","link":"https:\/\/dtf-ge.de\/?page_id=59","title":{"rendered":"Impressum"},"content":{"rendered":"\n<p><\/p>\n\n\n\n<p><strong>Deutsch-T\u00fcrkischer Freundeskreis Gelsenkirchen e.V.<\/strong><br>Br\u00f6\u00dfweg 16<br>45897 Gelsenkirchen<\/p>\n\n\n\n<p><strong>Telefon:&nbsp;<\/strong> 0209 \u2013 5980585<br>Schreiben Sie uns gerne eine Email mit Ihrer Frage: <a href=\"mailto:info@dtf-ge.de\">info@dtf-ge.de<\/a><\/p>\n\n\n\n<p>Registergericht: Amtsgericht Gelsenkirchen<br>Registernummer: 10VR840<\/p>\n\n\n\n<p><strong>Vorsitzende:<\/strong><br>Dieter Grundmann<br>Oya Erken-Biesler<br><br><strong>Kontakt:<\/strong><br>Oya Erken-Biesler<br>Email: info@dtf-ge.de<\/p>\n\n\n\n<p><strong>1. Allgemeine Hinweise<\/strong><br>Folgende Angaben d\u00fcrfen nur bei juristischer Problematik verwendet werden. Diese Homepage ist kein gewerbliches Projekt. Zusendungen von Bewerbungen und Angeboten sind nicht gerechtfertigt. Mi\u00dfbrauch wird verfolgt und hat empfindliche Konsequenzen.<\/p>\n\n\n\n<p><strong>2. Verweise und Links<\/strong><br>Bei direkten oder indirekten Verweisen auf fremde Internetseiten (\u201eLinks\u201c), die au\u00dferhalb unseres Verantwortungsbereiches liegen, w\u00fcrde eine Haftungsverpflichtung ausschlie\u00dflich in dem Fall in Kraft treten, in dem wir von den Inhalten Kenntnis haben und es uns technisch m\u00f6glich und zumutbar ist, die Nutzung im Falle rechtswidriger Inhalte zu verhindern. Wir erkl\u00e4ren daher ausdr\u00fccklich, dass zum Zeitpunkt der Linksetzung die entsprechenden verlinkten Seiten frei von illegalen Inhalten waren. Wir haben keinerlei Einfluss auf die aktuelle und zuk\u00fcnftige Gestaltung und auf die Inhalte der gelinkten\/verkn\u00fcpften Seiten. Deshalb distanzieren wir uns hiermit ausdr\u00fccklich von allen Inhalten aller gelinkten \/verkn\u00fcpften Seiten, die nach der Linksetzung ver\u00e4ndert wurden. Diese Feststellung gilt f\u00fcr alle innerhalb des eigenen Internetangebotes gesetzten Links und Verweise sowie f\u00fcr Fremdeintr\u00e4ge in von uns eingerichteten G\u00e4steb\u00fcchern, Diskussionsforen und Mailinglisten. F\u00fcr illegale, fehlerhafte oder unvollst\u00e4ndige Inhalte und insbesondere f\u00fcr Sch\u00e4den, die aus der Nutzung oder Nichtnutzung solcherart dargebotener Informationen entstehen, haftet allein der Anbieter der Seite, auf welche verwiesen wurde, nicht derjenige, der \u00fcber Links auf die jeweilige Ver\u00f6ffentlichung lediglich verweist.<\/p>\n\n\n\n<p><strong>3. Urheber- und Kennzeichenrecht<\/strong><br>Wir sind bestrebt, in allen Publikationen die Urheberrechte der verwendeten Grafiken, Tondokumente, Videosequenzen und Texte zu beachten, von uns selbst selbst erstellte Grafiken, Tondokumente, Videosequenzen und Texte zu nutzen oder auf lizenzfreie Grafiken, Tondokumente, Videosequenzen und Texte zur\u00fcckzugreifen. Alle innerhalb des Internetangebotes genannten und ggf. durch Dritte gesch\u00fctzten Marken- und Warenzeichen unterliegen uneingeschr\u00e4nkt den Bestimmungen des jeweils g\u00fcltigen Kennzeichenrechts und den Besitzrechten der jeweiligen eingetragenen Eigent\u00fcmer. Allein aufgrund der blo\u00dfen Nennung ist nicht der Schluss zu ziehen, dass Markenzeichen nicht durch Rechte Dritter gesch\u00fctzt sind! Das Copyright f\u00fcr ver\u00f6ffentlichte, von uns selbst erstellte Objekte bleibt allein bei uns. Eine Vervielf\u00e4ltigung oder Verwendung solcher Grafiken, Tondokumente, Videosequenzen und Texte in anderen elektronischen oder gedruckten Publikationen ist ohne ausdr\u00fcckliche Zustimmung durch uns nicht gestattet.<\/p>\n\n\n\n<p><strong>4. Rechtswirksamkeit dieses Haftungsausschlusses<\/strong><br>Dieser Haftungsausschluss ist als Teil des Internetangebotes zu betrachten. Sofern Teile oder einzelne Formulierungen dieses Textes der geltenden Rechtslage nicht, nicht mehr oder nicht vollst\u00e4ndig entsprechen sollten, bleiben die \u00fcbrigen Teile des Dokumentes in ihrem Inhalt und ihrer G\u00fcltigkeit davon unber\u00fchrt.<\/p>\n\n\n\n<p>\u00a9 Deutsch-T\u00fcrkischer Freundeskreis Gelsenkirchen e.V.<\/p>\n","protected":false},"excerpt":{"rendered":"<p>Deutsch-T\u00fcrkischer Freundeskreis Gelsenkirchen e.V.Br\u00f6\u00dfweg 1645897 Gelsenkirchen Telefon:&nbsp; 0209 \u2013 5980585Schreiben Sie uns gerne eine Email mit Ihrer Frage: info@dtf-ge.de Registergericht: Amtsgericht GelsenkirchenRegisternummer: 10VR840 Vorsitzende:Dieter GrundmannOya Erken-Biesler Kontakt:Oya Erken-BieslerEmail: info@dtf-ge.de 1. Allgemeine HinweiseFolgende Angaben d\u00fcrfen nur bei juristischer Problematik verwendet werden. Diese Homepage ist kein gewerbliches Projekt. Zusendungen von Bewerbungen und<\/p>\n","protected":false},"author":1,"featured_media":0,"parent":0,"menu_order":0,"comment_status":"closed","ping_status":"closed","template":"","meta":{"footnotes":""},"class_list":["post-59","page","type-page","status-publish","hentry"],"_links":{"self":[{"href":"https:\/\/dtf-ge.de\/index.php?rest_route=\/wp\/v2\/pages\/59","targetHints":{"allow":["GET"]}}],"collection":[{"href":"https:\/\/dtf-ge.de\/index.php?rest_route=\/wp\/v2\/pages"}],"about":[{"href":"https:\/\/dtf-ge.de\/index.php?rest_route=\/wp\/v2\/types\/page"}],"author":[{"embeddable":true,"href":"https:\/\/dtf-ge.de\/index.php?rest_route=\/wp\/v2\/users\/1"}],"replies":[{"embeddable":true,"href":"https:\/\/dtf-ge.de\/index.php?rest_route=%2Fwp%2Fv2%2Fcomments&post=59"}],"version-history":[{"count":7,"href":"https:\/\/dtf-ge.de\/index.php?rest_route=\/wp\/v2\/pages\/59\/revisions"}],"predecessor-version":[{"id":593,"href":"https:\/\/dtf-ge.de\/index.php?rest_route=\/wp\/v2\/pages\/59\/revisions\/593"}],"wp:attachment":[{"href":"https:\/\/dtf-ge.de\/index.php?rest_route=%2Fwp%2Fv2%2Fmedia&parent=59"}],"curies":[{"name":"wp","href":"https:\/\/api.w.org\/{rel}","templated":true}]}}