{"id":619,"date":"2023-10-12T15:02:19","date_gmt":"2023-10-12T13:02:19","guid":{"rendered":"http:\/\/dtf-ge.de\/?page_id=619"},"modified":"2023-10-12T15:02:19","modified_gmt":"2023-10-12T13:02:19","slug":"spenden","status":"publish","type":"page","link":"https:\/\/dtf-ge.de\/?page_id=619","title":{"rendered":"Spenden"},"content":{"rendered":"\n<h3 class=\"wp-block-heading\">Unterst\u00fctzen Sie in der ehrenamtlichen Arbeit!<\/h3>\n\n\n\n<p>Interkulturelle Arbeit hei\u00dft immer auch Menschen mit unterschiedlichen Herk\u00fcnften, Kulturen und Sprachen zusammenbringen. Hierf\u00fcr m\u00fcssen entsprechende Angebote <strong>erarbeitet und aktiv beworben werden<\/strong>. Gerade im ehrenamtlichen Bereich braucht es finanzielle Unterst\u00fctzung von Menschen und Unternehmen, welche die ehrenamtliche Arbeit erst m\u00f6glich machen.<\/p>\n\n\n\n<p>Gemeinsam k\u00f6nnen wir das Leben in Gelsenkirchen positiv gestalten<br>Mit einer Mitgliedschaft, einer Spende k\u00f6nnen auch <em>Sie<\/em> unsere <em>Arbeit unterst\u00fctzen<\/em>und damit gleich zweifach helfen<em>.<\/em><\/p>\n\n\n\n<p>\u00dcber eine Spende von Ihnen w\u00fcrden wir uns sehr freuen!<br>Nach Eingang erhalten Sie von uns eine Spendenquittung \u00fcber den gespendeten Betrag.<\/p>\n\n\n\n<p><strong>Vielen Dank f\u00fcr Ihre Unterst\u00fctzung!<\/strong><\/p>\n\n\n\n<p>Bitte \u00fcberweisen Sie den gew\u00fcnschten Betrag auf das Konto des Deutsch-T\u00fcrkischen Freundeskreises Gelsenkirchen bei der Sparkasse Gelsenkirchen unter Angabe als Verwendungszweck \u201e\u201cSpende\u201c und Ihren Namen. Bitte schicken Sie uns auch eine E-Mail mit ihren Kontaktdaten (Name, Adresse und E-Mail) an <a href=\"mailto:info@dtf-ge.de\">info@dtf-ge.de<\/a> <br><br>IBAN: DE65 4205 0001 0101 0552 34<br>BIC: WELADED1GEK<\/p>\n","protected":false},"excerpt":{"rendered":"<p>Unterst\u00fctzen Sie in der ehrenamtlichen Arbeit! Interkulturelle Arbeit hei\u00dft immer auch Menschen mit unterschiedlichen Herk\u00fcnften, Kulturen und Sprachen zusammenbringen. Hierf\u00fcr m\u00fcssen entsprechende Angebote erarbeitet und aktiv beworben werden. Gerade im ehrenamtlichen Bereich braucht es finanzielle Unterst\u00fctzung von Menschen und Unternehmen, welche die ehrenamtliche Arbeit erst m\u00f6glich machen. Gemeinsam k\u00f6nnen wir<\/p>\n","protected":false},"author":1,"featured_media":0,"parent":0,"menu_order":0,"comment_status":"closed","ping_status":"closed","template":"","meta":{"footnotes":""},"class_list":["post-619","page","type-page","status-publish","hentry"],"_links":{"self":[{"href":"https:\/\/dtf-ge.de\/index.php?rest_route=\/wp\/v2\/pages\/619","targetHints":{"allow":["GET"]}}],"collection":[{"href":"https:\/\/dtf-ge.de\/index.php?rest_route=\/wp\/v2\/pages"}],"about":[{"href":"https:\/\/dtf-ge.de\/index.php?rest_route=\/wp\/v2\/types\/page"}],"author":[{"embeddable":true,"href":"https:\/\/dtf-ge.de\/index.php?rest_route=\/wp\/v2\/users\/1"}],"replies":[{"embeddable":true,"href":"https:\/\/dtf-ge.de\/index.php?rest_route=%2Fwp%2Fv2%2Fcomments&post=619"}],"version-history":[{"count":2,"href":"https:\/\/dtf-ge.de\/index.php?rest_route=\/wp\/v2\/pages\/619\/revisions"}],"predecessor-version":[{"id":621,"href":"https:\/\/dtf-ge.de\/index.php?rest_route=\/wp\/v2\/pages\/619\/revisions\/621"}],"wp:attachment":[{"href":"https:\/\/dtf-ge.de\/index.php?rest_route=%2Fwp%2Fv2%2Fmedia&parent=619"}],"curies":[{"name":"wp","href":"https:\/\/api.w.org\/{rel}","templated":true}]}}