{"id":8,"date":"2020-09-05T17:58:56","date_gmt":"2020-09-05T15:58:56","guid":{"rendered":"http:\/\/dtf-ge.de\/?page_id=8"},"modified":"2020-10-15T12:10:07","modified_gmt":"2020-10-15T10:10:07","slug":"wir-ueber-uns","status":"publish","type":"page","link":"https:\/\/dtf-ge.de\/?page_id=8","title":{"rendered":"Wir \u00fcber uns"},"content":{"rendered":"\n<p>Der DTF wurde 1991 auf Initiative von Hartmut Binger \u2020, Mustafa  Kizmaz \u2020 und Raimund Klose gegr\u00fcndet. Weitere Gr\u00fcndungsmitglieder sind:  Werner Nuth \u2020, Timucin Davras \u2020, Dieter Kralemann \u2020, Muzaffer Hariri,  \u00dcnal Nas, Dr. Ingo Westen, Dr. Klaus Haertel, Besim Kongur, \u00d6mer Polat,  Zuhal \u00d6z\u00fcg\u00fcl, Gerd Schulte, Wilhelm Funcke, Nuket G\u00fcnes, Waltraud  H\u00fclsmann und Heinz Winke.<\/p>\n\n\n\n<p>Der Deutsch-T\u00fcrkische Freundeskreis Gelsenkirchen e.V. (DTF) ist nun seit \u00fcber 29 Jahren aktiv in Gelsenkirchen.<br>Hintergr\u00fcnde f\u00fcr die Gr\u00fcndung des DTF waren der Brandanschlag von M\u00f6lln (23. November 1992) und der Mordanschlag von Solingen (29. Mai 1993).<br>Die Reaktion bei dem \u00fcberwiegenden Teil der Gelsenkirchener Bev\u00f6lkerung war Betroffenheit und Trauer und der Wunsch sich f\u00fcr die Integration und das Zusammenleben der unterschiedlichen Kulturen in Gelsenkirchen einzubringen.<\/p>\n\n\n\n<p>Das Hauptanliegen des DTF ist es, den interkulturelle Dialog zwischen den unterschiedlichen Kulturen in Gelsenkirchen zu f\u00f6rdern und zu gestalten.<\/p>\n\n\n\n<p>Das friedliche, tolerante und respektvolle Zusammenleben aller \nMenschen in Gelsenkirchen steht im Mittelpunkt unserer Bem\u00fchungen und \nAktivit\u00e4ten.<\/p>\n\n\n\n<p>Vor diesem Hintergrund ist es unsere \u00dcberzeugung, dass wir alle \u2013 \nunabh\u00e4ngig von unserer Herkunft, politischen \u00dcberzeugung oder Religion \u2013\n in Frieden, gewaltfrei und in gegenseitigem Respekt miteinander in \nGelsenkirchen leben m\u00f6chten.<\/p>\n\n\n\n<p>Wir bringen Menschen zusammen!<\/p>\n\n\n\n<p>Wir engagieren uns auf st\u00e4dtischer Ebene, sind bei \u00f6ffentlichen Festen vertreten und bieten dar\u00fcber hinaus<\/p>\n\n\n\n<ul class=\"wp-block-list\"><li>Sprachkurse f\u00fcr Menschen, die neu nach Gelsenkirchen kommen<\/li><li>Freizeitaktivit\u00e4ten, Tages- und St\u00e4dtereisen f\u00fcr unsere Mitglieder<\/li><li>Ausstellungen, Lesungen und Vortr\u00e4ge<\/li><li>Vermittlung von Beratung und Unterst\u00fctz<\/li><\/ul>\n","protected":false},"excerpt":{"rendered":"<p>Der DTF wurde 1991 auf Initiative von Hartmut Binger \u2020, Mustafa Kizmaz \u2020 und Raimund Klose gegr\u00fcndet. Weitere Gr\u00fcndungsmitglieder sind: Werner Nuth \u2020, Timucin Davras \u2020, Dieter Kralemann \u2020, Muzaffer Hariri, \u00dcnal Nas, Dr. Ingo Westen, Dr. Klaus Haertel, Besim Kongur, \u00d6mer Polat, Zuhal \u00d6z\u00fcg\u00fcl, Gerd Schulte, Wilhelm Funcke, Nuket<\/p>\n","protected":false},"author":1,"featured_media":0,"parent":0,"menu_order":0,"comment_status":"closed","ping_status":"closed","template":"","meta":{"footnotes":""},"class_list":["post-8","page","type-page","status-publish","hentry"],"_links":{"self":[{"href":"https:\/\/dtf-ge.de\/index.php?rest_route=\/wp\/v2\/pages\/8","targetHints":{"allow":["GET"]}}],"collection":[{"href":"https:\/\/dtf-ge.de\/index.php?rest_route=\/wp\/v2\/pages"}],"about":[{"href":"https:\/\/dtf-ge.de\/index.php?rest_route=\/wp\/v2\/types\/page"}],"author":[{"embeddable":true,"href":"https:\/\/dtf-ge.de\/index.php?rest_route=\/wp\/v2\/users\/1"}],"replies":[{"embeddable":true,"href":"https:\/\/dtf-ge.de\/index.php?rest_route=%2Fwp%2Fv2%2Fcomments&post=8"}],"version-history":[{"count":2,"href":"https:\/\/dtf-ge.de\/index.php?rest_route=\/wp\/v2\/pages\/8\/revisions"}],"predecessor-version":[{"id":98,"href":"https:\/\/dtf-ge.de\/index.php?rest_route=\/wp\/v2\/pages\/8\/revisions\/98"}],"wp:attachment":[{"href":"https:\/\/dtf-ge.de\/index.php?rest_route=%2Fwp%2Fv2%2Fmedia&parent=8"}],"curies":[{"name":"wp","href":"https:\/\/api.w.org\/{rel}","templated":true}]}}